{"id":451467,"date":"2025-07-20T18:14:34","date_gmt":"2025-07-20T16:14:34","guid":{"rendered":"https:\/\/skruv.nu\/zvuk-zobrazjennja-ta-slovo\/"},"modified":"2025-10-06T13:42:53","modified_gmt":"2025-10-06T11:42:53","slug":"zvuk-zobrazjennja-ta-slovo","status":"publish","type":"page","link":"https:\/\/skruv.nu\/be\/interkulturalizm\/zvuk-zobrazjennja-ta-slovo\/","title":{"rendered":"\u0413\u0443\u043a, \u0432\u044b\u044f\u0432\u0430 \u0456 \u0441\u043b\u043e\u0432\u0430"},"content":{"rendered":"\t\t<div data-elementor-type=\"wp-page\" data-elementor-id=\"451467\" class=\"elementor elementor-451467 elementor-451000\" data-elementor-post-type=\"page\">\n\t\t\t\t\t\t<section class=\"elementor-section elementor-top-section elementor-element elementor-element-fd2029c elementor-section-boxed elementor-section-height-default elementor-section-height-default\" data-id=\"fd2029c\" data-element_type=\"section\" data-e-type=\"section\">\n\t\t\t\t\t\t<div class=\"elementor-container elementor-column-gap-default\">\n\t\t\t\t\t<div class=\"elementor-column elementor-col-100 elementor-top-column elementor-element elementor-element-71451eb\" data-id=\"71451eb\" data-element_type=\"column\" data-e-type=\"column\">\n\t\t\t<div class=\"elementor-widget-wrap elementor-element-populated\">\n\t\t\t\t\t\t<div class=\"elementor-element elementor-element-bcdbe13 elementor-widget elementor-widget-text-editor\" data-id=\"bcdbe13\" data-element_type=\"widget\" data-e-type=\"widget\" data-widget_type=\"text-editor.default\">\n\t\t\t\t<div class=\"elementor-widget-container\">\n\t\t\t\t\t\t\t\t\t<p><a href=\"https:\/\/skruv.nu\/be\/mizjkulturnist\/\">\u041c\u0406\u0416\u041a\u0423\u041b\u042c\u0422\u0423\u0420\u0410\u041b\u042c\u041d\u0410\u0421\u0426\u042c<\/a><\/p>\t\t\t\t\t\t\t\t<\/div>\n\t\t\t\t<\/div>\n\t\t\t\t<div class=\"elementor-element elementor-element-7b35750 elementor-widget-divider--view-line elementor-widget elementor-widget-global elementor-global-353 elementor-widget-divider\" data-id=\"7b35750\" data-element_type=\"widget\" data-e-type=\"widget\" data-widget_type=\"divider.default\">\n\t\t\t\t<div class=\"elementor-widget-container\">\n\t\t\t\t\t\t\t<div class=\"elementor-divider\">\n\t\t\t<span class=\"elementor-divider-separator\">\n\t\t\t\t\t\t<\/span>\n\t\t<\/div>\n\t\t\t\t\t\t<\/div>\n\t\t\t\t<\/div>\n\t\t\t\t\t<\/div>\n\t\t<\/div>\n\t\t\t\t\t<\/div>\n\t\t<\/section>\n\t\t\t\t<section data-dce-background-color=\"#9E6602\" class=\"elementor-section elementor-top-section elementor-element elementor-element-4153f80 elementor-section-full_width elementor-section-stretched elementor-section-height-default elementor-section-height-default\" data-id=\"4153f80\" data-element_type=\"section\" data-e-type=\"section\" data-settings=\"{&quot;stretch_section&quot;:&quot;section-stretched&quot;,&quot;background_background&quot;:&quot;classic&quot;}\">\n\t\t\t\t\t\t<div class=\"elementor-container elementor-column-gap-default\">\n\t\t\t\t\t<div class=\"elementor-column elementor-col-100 elementor-top-column elementor-element elementor-element-36a8554\" data-id=\"36a8554\" data-element_type=\"column\" data-e-type=\"column\">\n\t\t\t<div class=\"elementor-widget-wrap elementor-element-populated\">\n\t\t\t\t\t\t<div class=\"elementor-element elementor-element-ee1f77e elementor-widget elementor-widget-text-editor\" data-id=\"ee1f77e\" data-element_type=\"widget\" data-e-type=\"widget\" data-widget_type=\"text-editor.default\">\n\t\t\t\t<div class=\"elementor-widget-container\">\n\t\t\t\t\t\t\t\t\t<p>\u041c\u0443\u0437\u044b\u043a\u0430, \u043b\u0456\u0442\u0430\u0440\u0430\u0442\u0443\u0440\u0430, \u0421\u041c\u0406, \u043f\u0430\u0440\u0442\u0440\u044d\u0442\u044b \u0430\u0441\u043e\u0431, \u0441\u0430\u0446\u044b\u044f\u043b\u044c\u043d\u044b\u044f \u0441\u0435\u0442\u043a\u0456<\/p>\t\t\t\t\t\t\t\t<\/div>\n\t\t\t\t<\/div>\n\t\t\t\t\t<\/div>\n\t\t<\/div>\n\t\t\t\t\t<\/div>\n\t\t<\/section>\n\t\t\t\t<section class=\"elementor-section elementor-top-section elementor-element elementor-element-0001412 elementor-section-boxed elementor-section-height-default elementor-section-height-default\" data-id=\"0001412\" data-element_type=\"section\" data-e-type=\"section\">\n\t\t\t\t\t\t<div class=\"elementor-container elementor-column-gap-default\">\n\t\t\t\t\t<div class=\"elementor-column elementor-col-100 elementor-top-column elementor-element elementor-element-1022b4b\" data-id=\"1022b4b\" data-element_type=\"column\" data-e-type=\"column\">\n\t\t\t<div class=\"elementor-widget-wrap elementor-element-populated\">\n\t\t\t\t\t\t<div class=\"elementor-element elementor-element-41acbaa elementor-widget-divider--view-line elementor-widget elementor-widget-global elementor-global-353 elementor-widget-divider\" data-id=\"41acbaa\" data-element_type=\"widget\" data-e-type=\"widget\" data-widget_type=\"divider.default\">\n\t\t\t\t<div class=\"elementor-widget-container\">\n\t\t\t\t\t\t\t<div class=\"elementor-divider\">\n\t\t\t<span class=\"elementor-divider-separator\">\n\t\t\t\t\t\t<\/span>\n\t\t<\/div>\n\t\t\t\t\t\t<\/div>\n\t\t\t\t<\/div>\n\t\t\t\t<div class=\"elementor-element elementor-element-916050b elementor-grid-3 elementor-grid-tablet-2 elementor-grid-mobile-1 elementor-posts--thumbnail-top elementor-widget elementor-widget-posts\" data-id=\"916050b\" data-element_type=\"widget\" data-e-type=\"widget\" data-settings=\"{&quot;pagination_type&quot;:&quot;numbers_and_prev_next&quot;,&quot;classic_row_gap&quot;:{&quot;unit&quot;:&quot;px&quot;,&quot;size&quot;:30,&quot;sizes&quot;:[]},&quot;classic_masonry&quot;:&quot;yes&quot;,&quot;classic_columns&quot;:&quot;3&quot;,&quot;classic_columns_tablet&quot;:&quot;2&quot;,&quot;classic_columns_mobile&quot;:&quot;1&quot;,&quot;classic_row_gap_tablet&quot;:{&quot;unit&quot;:&quot;px&quot;,&quot;size&quot;:&quot;&quot;,&quot;sizes&quot;:[]},&quot;classic_row_gap_mobile&quot;:{&quot;unit&quot;:&quot;px&quot;,&quot;size&quot;:&quot;&quot;,&quot;sizes&quot;:[]}}\" data-widget_type=\"posts.classic\">\n\t\t\t\t<div class=\"elementor-widget-container\">\n\t\t\t\t\t\t\t<div class=\"elementor-posts-container elementor-posts elementor-posts--skin-classic elementor-grid\" role=\"list\">\n\t\t\t\t<article class=\"elementor-post elementor-grid-item post-454143 post type-post status-publish format-standard has-post-thumbnail hentry category-huk-vyjava-i-slova category-mizjkulturnasts\" role=\"listitem\">\n\t\t\t\t<a class=\"elementor-post__thumbnail__link\" href=\"https:\/\/skruv.nu\/be\/mizjkulturnasts\/sjvedsko-russko-ukrainsko-belorusskije-instagram\/\" tabindex=\"-1\" >\n\t\t\t<div class=\"elementor-post__thumbnail\"><img fetchpriority=\"high\" decoding=\"async\" width=\"768\" height=\"337\" src=\"https:\/\/skruv.nu\/wp-content\/uploads\/2016\/10\/foljenforening_20161027-054921_1140x500-768x337.jpg\" class=\"attachment-medium_large size-medium_large wp-image-454144\" alt=\"\u0418\u043d\u0441\u0442\u0430\u0433\u0440\u0430\u043c\" srcset=\"https:\/\/skruv.nu\/wp-content\/uploads\/2016\/10\/foljenforening_20161027-054921_1140x500-768x337.jpg 768w, https:\/\/skruv.nu\/wp-content\/uploads\/2016\/10\/foljenforening_20161027-054921_1140x500-300x132.jpg 300w, https:\/\/skruv.nu\/wp-content\/uploads\/2016\/10\/foljenforening_20161027-054921_1140x500-1024x449.jpg 1024w, https:\/\/skruv.nu\/wp-content\/uploads\/2016\/10\/foljenforening_20161027-054921_1140x500-150x66.jpg 150w, https:\/\/skruv.nu\/wp-content\/uploads\/2016\/10\/foljenforening_20161027-054921_1140x500.jpg 1140w\" sizes=\"(max-width: 768px) 100vw, 768px\" \/><\/div>\n\t\t<\/a>\n\t\t\t\t<div class=\"elementor-post__text\">\n\t\t\t\t<h3 class=\"elementor-post__title\">\n\t\t\t<a href=\"https:\/\/skruv.nu\/be\/mizjkulturnasts\/sjvedsko-russko-ukrainsko-belorusskije-instagram\/\" >\n\t\t\t\t\u0428\u0432\u0435\u0434\u0441\u043a\u0430-\u0440\u0443\u0441\u043a\u0430-\u045e\u043a\u0440\u0430\u0456\u043d\u0441\u043a\u0430-\u0431\u0435\u043b\u0430\u0440\u0443\u0441\u043a\u0456\u044f \u0430\u043a\u0430\u045e\u043d\u0442\u044b \u045e \u0406\u043d\u0441\u0442\u0430\u0433\u0440\u0430\u043c\u0435, \u043d\u0430 \u044f\u043a\u0456\u044f \u0442\u0440\u044d\u0431\u0430 \u043f\u0430\u0434\u043f\u0456\u0441\u0430\u0446\u0446\u0430\t\t\t<\/a>\n\t\t<\/h3>\n\t\t\t\t<div class=\"elementor-post__meta-data\">\n\t\t\t\t\t<span class=\"elementor-post-date\">\n\t\t\t27 \u043b\u0456\u043f\u0435\u043d\u044f 2025\t\t<\/span>\n\t\t\t\t<\/div>\n\t\t\t\t<div class=\"elementor-post__excerpt\">\n\t\t\t<p>\u0401\u0441\u0446\u044c \u0448\u043c\u0430\u0442 \u0441\u043f\u043e\u0441\u0430\u0431\u0430\u045e \u043f\u0430\u0437\u043d\u0430\u0451\u043c\u0456\u0446\u0446\u0430 \u200b\u200b\u0437 \u043c\u0456\u0436\u043a\u0443\u043b\u044c\u0442\u0443\u0440\u043d\u044b\u043c\u0456 \u0441\u0443\u0432\u044f\u0437\u044f\u043c\u0456 \u043f\u0430\u043c\u0456\u0436 \u0428\u0432\u0435\u0446\u044b\u044f\u0439 \u0456 \u0440\u0443\u0441\u043a\u0430\u043c\u043e\u045e\u043d\u044b\u043c, \u0443\u043a\u0440\u0430\u0456\u043d\u0430\u043c\u043e\u045e\u043d\u044b\u043c \u0456 \u0431\u0435\u043b\u0430\u0440\u0443\u0441\u043a\u0430\u043c\u043e\u045e\u043d\u044b\u043c \u0441\u0432\u0435\u0442\u0430\u043c. \u0410\u0434\u0437\u0456\u043d \u0437 \u043f\u0440\u043e\u0441\u0442\u044b\u0445 \u0456 \u043d\u0430\u0442\u0445\u043d\u044f\u043b\u044c\u043d\u044b\u0445 \u0441\u043f\u043e\u0441\u0430\u0431\u0430\u045e &#8211; \u043f\u0430\u0434\u043f\u0456\u0441\u0430\u0446\u0446\u0430 \u043d\u0430 \u0446\u0456\u043a\u0430\u0432\u044b\u044f Instagram-\u0430\u043a\u0430\u045e\u043d\u0442\u044b, \u044f\u043a\u0456\u044f \u0434\u0430\u0434\u0443\u0446\u044c \u0432\u0430\u043c \u043d\u043e\u0432\u044b\u044f \u043f\u0435\u0440\u0441\u043f\u0435\u043a\u0442\u044b\u0432\u044b, \u043a\u0443\u043b\u044c\u0442\u0443\u0440\u043d\u044b\u044f \u045e\u0440\u0430\u0436\u0430\u043d\u043d\u0456 \u0456 \u0430\u043a\u0442\u0443\u0430\u043b\u044c\u043d\u0443\u044e \u0456\u043d\u0444\u0430\u0440\u043c\u0430\u0446\u044b\u044e.   <\/p>\n\t\t<\/div>\n\t\t\n\t\t<a class=\"elementor-post__read-more\" href=\"https:\/\/skruv.nu\/be\/mizjkulturnasts\/sjvedsko-russko-ukrainsko-belorusskije-instagram\/\" aria-label=\"Read more about \u0428\u0432\u0435\u0434\u0441\u043a\u0430-\u0440\u0443\u0441\u043a\u0430-\u045e\u043a\u0440\u0430\u0456\u043d\u0441\u043a\u0430-\u0431\u0435\u043b\u0430\u0440\u0443\u0441\u043a\u0456\u044f \u0430\u043a\u0430\u045e\u043d\u0442\u044b \u045e \u0406\u043d\u0441\u0442\u0430\u0433\u0440\u0430\u043c\u0435, \u043d\u0430 \u044f\u043a\u0456\u044f \u0442\u0440\u044d\u0431\u0430 \u043f\u0430\u0434\u043f\u0456\u0441\u0430\u0446\u0446\u0430\" tabindex=\"-1\" >\n\t\t\t\u0414\u0430\u043b\u0435\u0439 \u00bb\t\t<\/a>\n\n\t\t\t\t<\/div>\n\t\t\t\t<\/article>\n\t\t\t\t<article class=\"elementor-post elementor-grid-item post-453069 post type-post status-publish format-standard has-post-thumbnail hentry category-huk-vyjava-i-slova category-mizjkulturnasts\" role=\"listitem\">\n\t\t\t\t<a class=\"elementor-post__thumbnail__link\" href=\"https:\/\/skruv.nu\/be\/mizjkulturnasts\/ot-korotkich-i-srednich-voln-k-vojennomu-podkastu\/\" tabindex=\"-1\" >\n\t\t\t<div class=\"elementor-post__thumbnail\"><img decoding=\"async\" width=\"768\" height=\"402\" src=\"https:\/\/skruv.nu\/wp-content\/uploads\/2025\/07\/20030126-bonnemark-04_2560x1340-768x402.jpg\" class=\"attachment-medium_large size-medium_large wp-image-453071\" alt=\"\u0436\u0430\u043d\u0447\u044b\u043d\u0430, \u044f\u043a\u0430\u044f \u0441\u0442\u0430\u0456\u0446\u044c \u043f\u0435\u0440\u0430\u0434 \u043b\u044e\u0434\u0437\u044c\u043c\u0456, \u044f\u043a\u0456\u044f \u0441\u044f\u0434\u0437\u044f\u0446\u044c \u0437\u0430 \u0441\u0442\u0430\u043b\u043e\u043c\" srcset=\"https:\/\/skruv.nu\/wp-content\/uploads\/2025\/07\/20030126-bonnemark-04_2560x1340-768x402.jpg 768w, https:\/\/skruv.nu\/wp-content\/uploads\/2025\/07\/20030126-bonnemark-04_2560x1340-300x157.jpg 300w, https:\/\/skruv.nu\/wp-content\/uploads\/2025\/07\/20030126-bonnemark-04_2560x1340-1920x1005.jpg 1920w, https:\/\/skruv.nu\/wp-content\/uploads\/2025\/07\/20030126-bonnemark-04_2560x1340-150x79.jpg 150w, https:\/\/skruv.nu\/wp-content\/uploads\/2025\/07\/20030126-bonnemark-04_2560x1340-1536x804.jpg 1536w, https:\/\/skruv.nu\/wp-content\/uploads\/2025\/07\/20030126-bonnemark-04_2560x1340-2048x1072.jpg 2048w\" sizes=\"(max-width: 768px) 100vw, 768px\" \/><\/div>\n\t\t<\/a>\n\t\t\t\t<div class=\"elementor-post__text\">\n\t\t\t\t<h3 class=\"elementor-post__title\">\n\t\t\t<a href=\"https:\/\/skruv.nu\/be\/mizjkulturnasts\/ot-korotkich-i-srednich-voln-k-vojennomu-podkastu\/\" >\n\t\t\t\t\u0410\u0434 \u043a\u0430\u0440\u043e\u0442\u043a\u0456\u0445 \u0456 \u0441\u044f\u0440\u044d\u0434\u043d\u0456\u0445 \u0445\u0432\u0430\u043b\u044f\u045e \u0434\u0430 \u0432\u0430\u0435\u043d\u043d\u0430\u0433\u0430 \u043f\u0430\u0434\u043a\u0430\u0441\u0442\u0443\t\t\t<\/a>\n\t\t<\/h3>\n\t\t\t\t<div class=\"elementor-post__meta-data\">\n\t\t\t\t\t<span class=\"elementor-post-date\">\n\t\t\t18 \u043b\u0456\u043f\u0435\u043d\u044f 2025\t\t<\/span>\n\t\t\t\t<\/div>\n\t\t\t\t<div class=\"elementor-post__excerpt\">\n\t\t\t<p>\u041a\u0430\u043b\u0456 31 \u0441\u0430\u043a\u0430\u0432\u0456\u043a\u0430 2016 \u0433. \u0437\u0430\u043c\u043e\u045e\u043a\u043b\u0430 \u0440\u0443\u0441\u043a\u0430\u044f \u0440\u044d\u0434\u0430\u043a\u0446\u044b\u044f \u0428\u0432\u0435\u0434\u0441\u043a\u0430\u0433\u0430 \u0440\u0430\u0434\u044b\u0451 (Radio Sweden), \u043c\u043d\u043e\u0433\u0456\u043c \u0433\u044d\u0442\u0430 \u043f\u0430\u0434\u0430\u043b\u043e\u0441\u044f \u0441\u0442\u0440\u0430\u0442\u0430\u0439 \u0441\u0442\u0430\u0440\u043e\u0433\u0430 \u0441\u044f\u0431\u0440\u0430. \u041f\u0440\u0430\u0437 \u0434\u0437\u0435\u0432\u044f\u0446\u044c \u0433\u0430\u0434\u043e\u045e \u043d\u0435\u0437\u0430\u043b\u0435\u0436\u043d\u044b\u044f \u043d\u0430\u0432\u0456\u043d\u044b \u043d\u0430 \u0440\u0443\u0441\u043a\u0430\u0439 \u0456 \u045e\u043a\u0440\u0430\u0456\u043d\u0441\u043a\u0430\u0439 \u043f\u0430\u0442\u0440\u044d\u0431\u043d\u044b\u044f, \u043c\u0430\u0431\u044b\u0446\u044c, \u044f\u0448\u0447\u044d \u043c\u0430\u0446\u043d\u0435\u0439.    <\/p>\n\t\t<\/div>\n\t\t\n\t\t<a class=\"elementor-post__read-more\" href=\"https:\/\/skruv.nu\/be\/mizjkulturnasts\/ot-korotkich-i-srednich-voln-k-vojennomu-podkastu\/\" aria-label=\"Read more about \u0410\u0434 \u043a\u0430\u0440\u043e\u0442\u043a\u0456\u0445 \u0456 \u0441\u044f\u0440\u044d\u0434\u043d\u0456\u0445 \u0445\u0432\u0430\u043b\u044f\u045e \u0434\u0430 \u0432\u0430\u0435\u043d\u043d\u0430\u0433\u0430 \u043f\u0430\u0434\u043a\u0430\u0441\u0442\u0443\" tabindex=\"-1\" >\n\t\t\t\u0414\u0430\u043b\u0435\u0439 \u00bb\t\t<\/a>\n\n\t\t\t\t<\/div>\n\t\t\t\t<\/article>\n\t\t\t\t<article class=\"elementor-post elementor-grid-item post-454016 post type-post status-publish format-standard has-post-thumbnail hentry category-huk-vyjava-i-slova category-mizjkulturnasts\" role=\"listitem\">\n\t\t\t\t<a class=\"elementor-post__thumbnail__link\" href=\"https:\/\/skruv.nu\/be\/mizjkulturnasts\/jakob-dalin-most-mezjdu-sjvetsijej-i-sovetskim-sojuzom\/\" tabindex=\"-1\" >\n\t\t\t<div class=\"elementor-post__thumbnail\"><img decoding=\"async\" width=\"768\" height=\"402\" src=\"https:\/\/skruv.nu\/wp-content\/uploads\/2025\/07\/jacobs-stege_svt_2560x1340-768x402.jpg\" class=\"attachment-medium_large size-medium_large wp-image-454019\" alt=\"Jacobs stege\" srcset=\"https:\/\/skruv.nu\/wp-content\/uploads\/2025\/07\/jacobs-stege_svt_2560x1340-768x402.jpg 768w, https:\/\/skruv.nu\/wp-content\/uploads\/2025\/07\/jacobs-stege_svt_2560x1340-300x157.jpg 300w, https:\/\/skruv.nu\/wp-content\/uploads\/2025\/07\/jacobs-stege_svt_2560x1340-1920x1005.jpg 1920w, https:\/\/skruv.nu\/wp-content\/uploads\/2025\/07\/jacobs-stege_svt_2560x1340-150x79.jpg 150w, https:\/\/skruv.nu\/wp-content\/uploads\/2025\/07\/jacobs-stege_svt_2560x1340-1536x804.jpg 1536w, https:\/\/skruv.nu\/wp-content\/uploads\/2025\/07\/jacobs-stege_svt_2560x1340-2048x1072.jpg 2048w\" sizes=\"(max-width: 768px) 100vw, 768px\" \/><\/div>\n\t\t<\/a>\n\t\t\t\t<div class=\"elementor-post__text\">\n\t\t\t\t<h3 class=\"elementor-post__title\">\n\t\t\t<a href=\"https:\/\/skruv.nu\/be\/mizjkulturnasts\/jakob-dalin-most-mezjdu-sjvetsijej-i-sovetskim-sojuzom\/\" >\n\t\t\t\t\u042f\u043a\u0430\u0431 \u0414\u0430\u043b\u0456\u043d &#8211; \u043c\u043e\u0441\u0442 \u043f\u0430\u043c\u0456\u0436 \u0428\u0432\u0435\u0446\u044b\u044f\u0439 \u0456 \u0421\u0430\u0432\u0435\u0446\u043a\u0456\u043c \u0421\u0430\u044e\u0437\u0430\u043c\t\t\t<\/a>\n\t\t<\/h3>\n\t\t\t\t<div class=\"elementor-post__meta-data\">\n\t\t\t\t\t<span class=\"elementor-post-date\">\n\t\t\t12 \u043b\u0456\u043f\u0435\u043d\u044f 2025\t\t<\/span>\n\t\t\t\t<\/div>\n\t\t\t\t<div class=\"elementor-post__excerpt\">\n\t\t\t<p>\u0401\u043d \u0431\u044b\u045e \u0433\u043b\u0430\u043c\u0443\u0440\u043d\u044b\u043c, \u0443\u043f\u044d\u045e\u043d\u0435\u043d\u044b\u043c \u0443 \u0441\u0430\u0431\u0435 \u0456 \u043d\u0430\u0432\u0430\u0442\u0430\u0440\u0441\u043a\u0456\u043c &#8211; \u0456 \u0451\u043d \u043b\u044e\u0431\u0456\u045e \u0440\u0443\u0441\u043a\u0443\u044e \u0456 \u0456\u043d\u0448\u0443\u044e \u0441\u0430\u0432\u0435\u0446\u043a\u0443\u044e \u043a\u0443\u043b\u044c\u0442\u0443\u0440\u0443. \u042f\u043a\u0430\u0431 \u0414\u0430\u043b\u0456\u043d \u0441\u0442\u0430\u045e \u0443 70-\u044f \u0456 80-\u044f \u0433\u0430\u0434\u044b \u0430\u0434\u043d\u044b\u043c \u0437 \u0441\u0430\u043c\u044b\u0445 \u043f\u0430\u043f\u0443\u043b\u044f\u0440\u043d\u044b\u0445 \u0432\u044f\u0434\u0443\u0447\u044b\u0445 \u0428\u0432\u0435\u0446\u044b\u0456. \u0414\u0437\u044f\u043a\u0443\u044e\u0447\u044b \u0441\u0432\u0430\u0451\u0439 \u0445\u0430\u0440\u044b\u0437\u043c\u0435 \u0456 \u0446\u0456\u043a\u0430\u0432\u0430\u0441\u0446\u0456 \u0434\u0430 \u0423\u0441\u0445\u043e\u0434\u0443 \u0451\u043d \u0441\u0442\u0430\u045e \u0443\u043d\u0456\u043a\u0430\u043b\u044c\u043d\u044b\u043c \u0430\u0441\u0432\u0435\u0442\u043d\u0456\u043a\u0430\u043c \u0443 \u0444\u0430\u0440\u043c\u0430\u0446\u0435 \u0437\u0430\u0431\u0430\u045e\u043a\u0456.    <\/p>\n\t\t<\/div>\n\t\t\n\t\t<a class=\"elementor-post__read-more\" href=\"https:\/\/skruv.nu\/be\/mizjkulturnasts\/jakob-dalin-most-mezjdu-sjvetsijej-i-sovetskim-sojuzom\/\" aria-label=\"Read more about \u042f\u043a\u0430\u0431 \u0414\u0430\u043b\u0456\u043d &#8211; \u043c\u043e\u0441\u0442 \u043f\u0430\u043c\u0456\u0436 \u0428\u0432\u0435\u0446\u044b\u044f\u0439 \u0456 \u0421\u0430\u0432\u0435\u0446\u043a\u0456\u043c \u0421\u0430\u044e\u0437\u0430\u043c\" tabindex=\"-1\" >\n\t\t\t\u0414\u0430\u043b\u0435\u0439 \u00bb\t\t<\/a>\n\n\t\t\t\t<\/div>\n\t\t\t\t<\/article>\n\t\t\t\t<article class=\"elementor-post elementor-grid-item post-441927 post type-post status-publish format-standard has-post-thumbnail hentry category-interkultur category-ljud-bild-och-ord\" role=\"listitem\">\n\t\t\t\t<a class=\"elementor-post__thumbnail__link\" href=\"https:\/\/skruv.nu\/be\/interkultur\/bulat-okudzjava-poet-och-trubadur\/\" tabindex=\"-1\" >\n\t\t\t<div class=\"elementor-post__thumbnail\"><img loading=\"lazy\" decoding=\"async\" width=\"768\" height=\"402\" src=\"https:\/\/skruv.nu\/wp-content\/uploads\/2024\/05\/bulat-okudzjava_r-3693890-1344965572-7682bakgrund-768x402.jpg\" class=\"attachment-medium_large size-medium_large wp-image-441924\" alt=\"trubadur med gitarr\" srcset=\"https:\/\/skruv.nu\/wp-content\/uploads\/2024\/05\/bulat-okudzjava_r-3693890-1344965572-7682bakgrund-768x402.jpg 768w, https:\/\/skruv.nu\/wp-content\/uploads\/2024\/05\/bulat-okudzjava_r-3693890-1344965572-7682bakgrund-300x157.jpg 300w, https:\/\/skruv.nu\/wp-content\/uploads\/2024\/05\/bulat-okudzjava_r-3693890-1344965572-7682bakgrund-1920x1005.jpg 1920w, https:\/\/skruv.nu\/wp-content\/uploads\/2024\/05\/bulat-okudzjava_r-3693890-1344965572-7682bakgrund-150x79.jpg 150w, https:\/\/skruv.nu\/wp-content\/uploads\/2024\/05\/bulat-okudzjava_r-3693890-1344965572-7682bakgrund-1536x804.jpg 1536w, https:\/\/skruv.nu\/wp-content\/uploads\/2024\/05\/bulat-okudzjava_r-3693890-1344965572-7682bakgrund-2048x1072.jpg 2048w\" sizes=\"(max-width: 768px) 100vw, 768px\" \/><\/div>\n\t\t<\/a>\n\t\t\t\t<div class=\"elementor-post__text\">\n\t\t\t\t<h3 class=\"elementor-post__title\">\n\t\t\t<a href=\"https:\/\/skruv.nu\/be\/interkultur\/bulat-okudzjava-poet-och-trubadur\/\" >\n\t\t\t\tBulat Okudzjava, poet och trubadur\t\t\t<\/a>\n\t\t<\/h3>\n\t\t\t\t<div class=\"elementor-post__meta-data\">\n\t\t\t\t\t<span class=\"elementor-post-date\">\n\t\t\t6 \u043c\u0430\u044f 2024\t\t<\/span>\n\t\t\t\t<\/div>\n\t\t\t\t<div class=\"elementor-post__excerpt\">\n\t\t\t<p>Bulat Okudzjava (1924\u20131997) var en ber\u00f6md sovjetisk och rysk poet och trubadur.<\/p>\n\t\t<\/div>\n\t\t\n\t\t<a class=\"elementor-post__read-more\" href=\"https:\/\/skruv.nu\/be\/interkultur\/bulat-okudzjava-poet-och-trubadur\/\" aria-label=\"Read more about Bulat Okudzjava, poet och trubadur\" tabindex=\"-1\" >\n\t\t\t\u0414\u0430\u043b\u0435\u0439 \u00bb\t\t<\/a>\n\n\t\t\t\t<\/div>\n\t\t\t\t<\/article>\n\t\t\t\t<article class=\"elementor-post elementor-grid-item post-378342 post type-post status-publish format-standard has-post-thumbnail hentry category-interkultur category-ljud-bild-och-ord\" role=\"listitem\">\n\t\t\t\t<a class=\"elementor-post__thumbnail__link\" href=\"https:\/\/skruv.nu\/be\/interkultur\/nyutkomna-bocker-februari-2021\/\" tabindex=\"-1\" >\n\t\t\t<div class=\"elementor-post__thumbnail\"><img loading=\"lazy\" decoding=\"async\" width=\"768\" height=\"337\" src=\"https:\/\/skruv.nu\/wp-content\/uploads\/2021\/02\/bokcollage-2021-02_1140x500_mork-56-768x337.jpg\" class=\"attachment-medium_large size-medium_large wp-image-378433\" alt=\"framsida p\u00e5 en h\u00f6g med b\u00f6cker\" srcset=\"https:\/\/skruv.nu\/wp-content\/uploads\/2021\/02\/bokcollage-2021-02_1140x500_mork-56-768x337.jpg 768w, https:\/\/skruv.nu\/wp-content\/uploads\/2021\/02\/bokcollage-2021-02_1140x500_mork-56-300x132.jpg 300w, https:\/\/skruv.nu\/wp-content\/uploads\/2021\/02\/bokcollage-2021-02_1140x500_mork-56-1024x449.jpg 1024w, https:\/\/skruv.nu\/wp-content\/uploads\/2021\/02\/bokcollage-2021-02_1140x500_mork-56-150x66.jpg 150w, https:\/\/skruv.nu\/wp-content\/uploads\/2021\/02\/bokcollage-2021-02_1140x500_mork-56.jpg 1140w\" sizes=\"(max-width: 768px) 100vw, 768px\" \/><\/div>\n\t\t<\/a>\n\t\t\t\t<div class=\"elementor-post__text\">\n\t\t\t\t<h3 class=\"elementor-post__title\">\n\t\t\t<a href=\"https:\/\/skruv.nu\/be\/interkultur\/nyutkomna-bocker-februari-2021\/\" >\n\t\t\t\tNya b\u00f6cker februari 2021\t\t\t<\/a>\n\t\t<\/h3>\n\t\t\t\t<div class=\"elementor-post__meta-data\">\n\t\t\t\t\t<span class=\"elementor-post-date\">\n\t\t\t21 \u043b\u044e\u0442\u0430\u0433\u0430 2021\t\t<\/span>\n\t\t\t\t<\/div>\n\t\t\t\t<div class=\"elementor-post__excerpt\">\n\t\t\t<p>H\u00e4r \u00e4r n\u00e5gra b\u00f6cker med anknytning mellan Sverige och Ryssland\/Ukraina\/Vitryssland som har utkommit p\u00e5 sistone eller som utkommer den n\u00e4rmaste tiden.<\/p>\n\t\t<\/div>\n\t\t\n\t\t<a class=\"elementor-post__read-more\" href=\"https:\/\/skruv.nu\/be\/interkultur\/nyutkomna-bocker-februari-2021\/\" aria-label=\"Read more about Nya b\u00f6cker februari 2021\" tabindex=\"-1\" >\n\t\t\t\u0414\u0430\u043b\u0435\u0439 \u00bb\t\t<\/a>\n\n\t\t\t\t<\/div>\n\t\t\t\t<\/article>\n\t\t\t\t<\/div>\n\t\t\n\t\t\t\t\t\t<\/div>\n\t\t\t\t<\/div>\n\t\t\t\t\t<\/div>\n\t\t<\/div>\n\t\t\t\t\t<\/div>\n\t\t<\/section>\n\t\t\t\t<\/div>\n\t\t","protected":false},"excerpt":{"rendered":"<p>\u041c\u0406\u0416\u041a\u0423\u041b\u042c\u0422\u0423\u0420\u0410\u041b\u042c\u041d\u0410\u0421\u0426\u042c \u041c\u0443\u0437\u044b\u043a\u0430, \u043b\u0456\u0442\u0430\u0440\u0430\u0442\u0443\u0440\u0430, \u0421\u041c\u0406, \u043f\u0430\u0440\u0442\u0440\u044d\u0442\u044b \u0430\u0441\u043e\u0431, \u0441\u0430\u0446\u044b\u044f\u043b\u044c\u043d\u044b\u044f \u0441\u0435\u0442\u043a\u0456<\/p>\n","protected":false},"author":1,"featured_media":451455,"parent":451626,"menu_order":0,"comment_status":"closed","ping_status":"closed","template":"","meta":{"_acf_changed":false,"_seopress_robots_primary_cat":"","_seopress_titles_title":"","_seopress_titles_desc":"","_seopress_robots_index":"","_kad_post_transparent":"","_kad_post_title":"","_kad_post_layout":"","_kad_post_sidebar_id":"","_kad_post_content_style":"","_kad_post_vertical_padding":"","_kad_post_feature":"","_kad_post_feature_position":"","_kad_post_header":false,"_kad_post_footer":false,"_kad_post_classname":"","footnotes":""},"class_list":["post-451467","page","type-page","status-publish","has-post-thumbnail","hentry"],"acf":[],"_links":{"self":[{"href":"https:\/\/skruv.nu\/be\/wp-json\/wp\/v2\/pages\/451467","targetHints":{"allow":["GET"]}}],"collection":[{"href":"https:\/\/skruv.nu\/be\/wp-json\/wp\/v2\/pages"}],"about":[{"href":"https:\/\/skruv.nu\/be\/wp-json\/wp\/v2\/types\/page"}],"author":[{"embeddable":true,"href":"https:\/\/skruv.nu\/be\/wp-json\/wp\/v2\/users\/1"}],"replies":[{"embeddable":true,"href":"https:\/\/skruv.nu\/be\/wp-json\/wp\/v2\/comments?post=451467"}],"version-history":[{"count":3,"href":"https:\/\/skruv.nu\/be\/wp-json\/wp\/v2\/pages\/451467\/revisions"}],"predecessor-version":[{"id":453958,"href":"https:\/\/skruv.nu\/be\/wp-json\/wp\/v2\/pages\/451467\/revisions\/453958"}],"up":[{"embeddable":true,"href":"https:\/\/skruv.nu\/be\/wp-json\/wp\/v2\/pages\/451626"}],"wp:featuredmedia":[{"embeddable":true,"href":"https:\/\/skruv.nu\/be\/wp-json\/wp\/v2\/media\/451455"}],"wp:attachment":[{"href":"https:\/\/skruv.nu\/be\/wp-json\/wp\/v2\/media?parent=451467"}],"curies":[{"name":"wp","href":"https:\/\/api.w.org\/{rel}","templated":true}]}}