{"id":451515,"date":"2021-01-03T22:45:27","date_gmt":"2021-01-03T21:45:27","guid":{"rendered":"https:\/\/skruv.nu\/heteborh\/"},"modified":"2025-12-21T10:12:59","modified_gmt":"2025-12-21T09:12:59","slug":"heteborh","status":"publish","type":"page","link":"https:\/\/skruv.nu\/be\/mestsa-dzejnastsi\/heteborh\/","title":{"rendered":"\u0413\u0451\u0442\u044d\u0431\u043e\u0440\u0433"},"content":{"rendered":"\t\t<div data-elementor-type=\"wp-page\" data-elementor-id=\"451515\" class=\"elementor elementor-451515 elementor-372445\" data-elementor-post-type=\"page\">\n\t\t\t\t\t\t<section class=\"elementor-section elementor-top-section elementor-element elementor-element-7c3a547 elementor-section-boxed elementor-section-height-default elementor-section-height-default\" data-id=\"7c3a547\" data-element_type=\"section\" data-e-type=\"section\">\n\t\t\t\t\t\t<div class=\"elementor-container elementor-column-gap-default\">\n\t\t\t\t\t<div class=\"elementor-column elementor-col-100 elementor-top-column elementor-element elementor-element-a780475\" data-id=\"a780475\" data-element_type=\"column\" data-e-type=\"column\">\n\t\t\t<div class=\"elementor-widget-wrap elementor-element-populated\">\n\t\t\t\t\t\t<div class=\"elementor-element elementor-element-d507fa2 elementor-widget elementor-widget-global elementor-global-677 elementor-widget-theme-post-title\" data-id=\"d507fa2\" data-element_type=\"widget\" data-e-type=\"widget\" data-widget_type=\"theme-post-title.default\">\n\t\t\t\t<div class=\"elementor-widget-container\">\n\t\t\t\t\t<h1 class=\"elementor-heading-title elementor-size-default\">\u0413\u0451\u0442\u044d\u0431\u043e\u0440\u0433<\/h1>\t\t\t\t<\/div>\n\t\t\t\t<\/div>\n\t\t\t\t<div class=\"elementor-element elementor-element-8be28d4 elementor-widget elementor-widget-text-editor\" data-id=\"8be28d4\" data-element_type=\"widget\" data-e-type=\"widget\" data-widget_type=\"text-editor.default\">\n\t\t\t\t<div class=\"elementor-widget-container\">\n\t\t\t\t\t\t\t\t\t<p>H\u00e4r \u00e4r v\u00e5ra aktiviteter i G\u00f6teborg.<\/p>\t\t\t\t\t\t\t\t<\/div>\n\t\t\t\t<\/div>\n\t\t\t\t\t<\/div>\n\t\t<\/div>\n\t\t\t\t\t<\/div>\n\t\t<\/section>\n\t\t\t\t<section data-dce-background-color=\"#F4F4F4\" class=\"elementor-section elementor-top-section elementor-element elementor-element-8e3c488 elementor-section-stretched elementor-section-boxed elementor-section-height-default elementor-section-height-default\" data-id=\"8e3c488\" data-element_type=\"section\" data-e-type=\"section\" data-settings=\"{&quot;stretch_section&quot;:&quot;section-stretched&quot;,&quot;background_background&quot;:&quot;classic&quot;}\">\n\t\t\t\t\t\t<div class=\"elementor-container elementor-column-gap-default\">\n\t\t\t\t\t<div class=\"elementor-column elementor-col-100 elementor-top-column elementor-element elementor-element-5c5e617\" data-id=\"5c5e617\" data-element_type=\"column\" data-e-type=\"column\">\n\t\t\t<div class=\"elementor-widget-wrap elementor-element-populated\">\n\t\t\t\t\t\t<div class=\"elementor-element elementor-element-026381d elementor-widget-divider--view-line elementor-widget elementor-widget-global elementor-global-353 elementor-widget-divider\" data-id=\"026381d\" data-element_type=\"widget\" data-e-type=\"widget\" data-widget_type=\"divider.default\">\n\t\t\t\t<div class=\"elementor-widget-container\">\n\t\t\t\t\t\t\t<div class=\"elementor-divider\">\n\t\t\t<span class=\"elementor-divider-separator\">\n\t\t\t\t\t\t<\/span>\n\t\t<\/div>\n\t\t\t\t\t\t<\/div>\n\t\t\t\t<\/div>\n\t\t\t\t<div class=\"elementor-element elementor-element-c9bc343 elementor-widget elementor-widget-heading\" data-id=\"c9bc343\" data-element_type=\"widget\" data-e-type=\"widget\" data-widget_type=\"heading.default\">\n\t\t\t\t<div class=\"elementor-widget-container\">\n\t\t\t\t\t<h2 class=\"elementor-heading-title elementor-size-default\">Tidigare i G\u00f6teborg<\/h2>\t\t\t\t<\/div>\n\t\t\t\t<\/div>\n\t\t\t\t<div class=\"elementor-element elementor-element-632f42b elementor-widget-divider--view-line elementor-widget elementor-widget-global elementor-global-353 elementor-widget-divider\" data-id=\"632f42b\" data-element_type=\"widget\" data-e-type=\"widget\" data-widget_type=\"divider.default\">\n\t\t\t\t<div class=\"elementor-widget-container\">\n\t\t\t\t\t\t\t<div class=\"elementor-divider\">\n\t\t\t<span class=\"elementor-divider-separator\">\n\t\t\t\t\t\t<\/span>\n\t\t<\/div>\n\t\t\t\t\t\t<\/div>\n\t\t\t\t<\/div>\n\t\t\t\t<div class=\"elementor-element elementor-element-5cc6e1b elementor-grid-3 elementor-grid-tablet-2 elementor-grid-mobile-1 elementor-posts--thumbnail-top elementor-widget elementor-widget-posts\" data-id=\"5cc6e1b\" data-element_type=\"widget\" data-e-type=\"widget\" data-settings=\"{&quot;pagination_type&quot;:&quot;numbers_and_prev_next&quot;,&quot;classic_columns&quot;:&quot;3&quot;,&quot;classic_columns_tablet&quot;:&quot;2&quot;,&quot;classic_columns_mobile&quot;:&quot;1&quot;,&quot;classic_row_gap&quot;:{&quot;unit&quot;:&quot;px&quot;,&quot;size&quot;:35,&quot;sizes&quot;:[]},&quot;classic_row_gap_tablet&quot;:{&quot;unit&quot;:&quot;px&quot;,&quot;size&quot;:&quot;&quot;,&quot;sizes&quot;:[]},&quot;classic_row_gap_mobile&quot;:{&quot;unit&quot;:&quot;px&quot;,&quot;size&quot;:&quot;&quot;,&quot;sizes&quot;:[]}}\" data-widget_type=\"posts.classic\">\n\t\t\t\t<div class=\"elementor-widget-container\">\n\t\t\t\t\t\t\t<div class=\"elementor-posts-container elementor-posts elementor-posts--skin-classic elementor-grid\" role=\"list\">\n\t\t\t\t<article class=\"elementor-post elementor-grid-item post-436963 post type-post status-publish format-standard has-post-thumbnail hentry category-aktiviteter category-allmanbildning tag-goteborg tag-tidigare\" role=\"listitem\">\n\t\t\t\t<a class=\"elementor-post__thumbnail__link\" href=\"https:\/\/skruv.nu\/be\/aktiviteter\/skruv-deltar-i-fragesporten-vad-var-nar-i-goteborg-17-februari-2024\/\" tabindex=\"-1\" >\n\t\t\t<div class=\"elementor-post__thumbnail\"><img fetchpriority=\"high\" decoding=\"async\" width=\"1290\" height=\"675\" src=\"https:\/\/skruv.nu\/wp-content\/uploads\/2024\/02\/pxl_20240217_174227247_2560x1340-1920x1005.webp\" class=\"attachment-large size-large wp-image-438399\" alt=\"folk i en sal vid ett bord och p\u00e5 stolar\" srcset=\"https:\/\/skruv.nu\/wp-content\/uploads\/2024\/02\/pxl_20240217_174227247_2560x1340.webp 1920w, https:\/\/skruv.nu\/wp-content\/uploads\/2024\/02\/pxl_20240217_174227247_2560x1340-300x157.webp 300w, https:\/\/skruv.nu\/wp-content\/uploads\/2024\/02\/pxl_20240217_174227247_2560x1340-150x79.webp 150w, https:\/\/skruv.nu\/wp-content\/uploads\/2024\/02\/pxl_20240217_174227247_2560x1340-768x402.webp 768w, https:\/\/skruv.nu\/wp-content\/uploads\/2024\/02\/pxl_20240217_174227247_2560x1340-1536x804.webp 1536w\" sizes=\"(max-width: 1290px) 100vw, 1290px\" \/><\/div>\n\t\t<\/a>\n\t\t\t\t<div class=\"elementor-post__text\">\n\t\t\t\t<h3 class=\"elementor-post__title\">\n\t\t\t<a href=\"https:\/\/skruv.nu\/be\/aktiviteter\/skruv-deltar-i-fragesporten-vad-var-nar-i-goteborg-17-februari-2024\/\" >\n\t\t\t\tSkruv deltar i fr\u00e5gesporten Vad? Var? N\u00e4r? i G\u00f6teborg\t\t\t<\/a>\n\t\t<\/h3>\n\t\t\t\t<div class=\"elementor-post__meta-data\">\n\t\t\t\t\t<span class=\"elementor-post-date\">\n\t\t\t17 \u043b\u044e\u0442\u0430\u0433\u0430 2024\t\t<\/span>\n\t\t\t\t<\/div>\n\t\t\t\t<\/div>\n\t\t\t\t<\/article>\n\t\t\t\t<article class=\"elementor-post elementor-grid-item post-408272 post type-post status-publish format-standard has-post-thumbnail hentry category-aktiviteter category-picknickar tag-goteborg tag-tidigare\" role=\"listitem\">\n\t\t\t\t<a class=\"elementor-post__thumbnail__link\" href=\"https:\/\/skruv.nu\/be\/aktiviteter\/skruvpicknick-i-goteborg-12-juni-2021\/\" tabindex=\"-1\" >\n\t\t\t<div class=\"elementor-post__thumbnail\"><img decoding=\"async\" width=\"1290\" height=\"675\" src=\"https:\/\/skruv.nu\/wp-content\/uploads\/2021\/06\/img_8598_foto-nuria-bonnemark_1920x1005.jpg\" class=\"attachment-large size-large wp-image-428590\" alt=\"m\u00e4nniskor som sitter och st\u00e5r p\u00e5 gr\u00e4set\" srcset=\"https:\/\/skruv.nu\/wp-content\/uploads\/2021\/06\/img_8598_foto-nuria-bonnemark_1920x1005.jpg 1920w, https:\/\/skruv.nu\/wp-content\/uploads\/2021\/06\/img_8598_foto-nuria-bonnemark_1920x1005-300x157.jpg 300w, https:\/\/skruv.nu\/wp-content\/uploads\/2021\/06\/img_8598_foto-nuria-bonnemark_1920x1005-150x79.jpg 150w, https:\/\/skruv.nu\/wp-content\/uploads\/2021\/06\/img_8598_foto-nuria-bonnemark_1920x1005-768x402.jpg 768w, https:\/\/skruv.nu\/wp-content\/uploads\/2021\/06\/img_8598_foto-nuria-bonnemark_1920x1005-1536x804.jpg 1536w\" sizes=\"(max-width: 1290px) 100vw, 1290px\" \/><\/div>\n\t\t<\/a>\n\t\t\t\t<div class=\"elementor-post__text\">\n\t\t\t\t<h3 class=\"elementor-post__title\">\n\t\t\t<a href=\"https:\/\/skruv.nu\/be\/aktiviteter\/skruvpicknick-i-goteborg-12-juni-2021\/\" >\n\t\t\t\tSkruvpicknick i G\u00f6teborg\t\t\t<\/a>\n\t\t<\/h3>\n\t\t\t\t<div class=\"elementor-post__meta-data\">\n\t\t\t\t\t<span class=\"elementor-post-date\">\n\t\t\t12 \u0447\u044d\u0440\u0432\u0435\u043d\u044f 2021\t\t<\/span>\n\t\t\t\t<\/div>\n\t\t\t\t<\/div>\n\t\t\t\t<\/article>\n\t\t\t\t<article class=\"elementor-post elementor-grid-item post-368275 post type-post status-publish format-standard has-post-thumbnail hentry category-aktiviteter category-picknickar tag-goteborg tag-tidigare\" role=\"listitem\">\n\t\t\t\t<a class=\"elementor-post__thumbnail__link\" href=\"https:\/\/skruv.nu\/be\/aktiviteter\/skruvpicknick-i-goteborg\/\" tabindex=\"-1\" >\n\t\t\t<div class=\"elementor-post__thumbnail\"><img decoding=\"async\" width=\"1024\" height=\"449\" src=\"https:\/\/skruv.nu\/wp-content\/uploads\/2018\/07\/img_20180728_152425_1140x500_exakt-1024x449.jpg\" class=\"attachment-large size-large wp-image-408297\" alt=\"glada m\u00e4nniskor i en park\" srcset=\"https:\/\/skruv.nu\/wp-content\/uploads\/2018\/07\/img_20180728_152425_1140x500_exakt-1024x449.jpg 1024w, https:\/\/skruv.nu\/wp-content\/uploads\/2018\/07\/img_20180728_152425_1140x500_exakt-300x132.jpg 300w, https:\/\/skruv.nu\/wp-content\/uploads\/2018\/07\/img_20180728_152425_1140x500_exakt-150x66.jpg 150w, https:\/\/skruv.nu\/wp-content\/uploads\/2018\/07\/img_20180728_152425_1140x500_exakt-768x337.jpg 768w, https:\/\/skruv.nu\/wp-content\/uploads\/2018\/07\/img_20180728_152425_1140x500_exakt.jpg 1140w\" sizes=\"(max-width: 1024px) 100vw, 1024px\" \/><\/div>\n\t\t<\/a>\n\t\t\t\t<div class=\"elementor-post__text\">\n\t\t\t\t<h3 class=\"elementor-post__title\">\n\t\t\t<a href=\"https:\/\/skruv.nu\/be\/aktiviteter\/skruvpicknick-i-goteborg\/\" >\n\t\t\t\tSkruvpicknick i G\u00f6teborg\t\t\t<\/a>\n\t\t<\/h3>\n\t\t\t\t<div class=\"elementor-post__meta-data\">\n\t\t\t\t\t<span class=\"elementor-post-date\">\n\t\t\t28 \u043b\u0456\u043f\u0435\u043d\u044f 2018\t\t<\/span>\n\t\t\t\t<\/div>\n\t\t\t\t<\/div>\n\t\t\t\t<\/article>\n\t\t\t\t<article class=\"elementor-post elementor-grid-item post-358312 post type-post status-publish format-standard has-post-thumbnail hentry category-film-foto tag-goteborg tag-tidigare\" role=\"listitem\">\n\t\t\t\t<a class=\"elementor-post__thumbnail__link\" href=\"https:\/\/skruv.nu\/be\/aktiviteter\/film-foto\/instameet-nr-5\/\" tabindex=\"-1\" >\n\t\t\t<div class=\"elementor-post__thumbnail\"><img loading=\"lazy\" decoding=\"async\" width=\"1024\" height=\"449\" src=\"https:\/\/skruv.nu\/wp-content\/uploads\/2017\/10\/20171010_instameet_dsc_0031_foto-niklas-bonnemark_1140x500-1024x449.jpg\" class=\"attachment-large size-large wp-image-365274\" alt=\"en grupp leende m\u00e4nniskor som tittar in i kameran\" srcset=\"https:\/\/skruv.nu\/wp-content\/uploads\/2017\/10\/20171010_instameet_dsc_0031_foto-niklas-bonnemark_1140x500-1024x449.jpg 1024w, https:\/\/skruv.nu\/wp-content\/uploads\/2017\/10\/20171010_instameet_dsc_0031_foto-niklas-bonnemark_1140x500-300x132.jpg 300w, https:\/\/skruv.nu\/wp-content\/uploads\/2017\/10\/20171010_instameet_dsc_0031_foto-niklas-bonnemark_1140x500-150x66.jpg 150w, https:\/\/skruv.nu\/wp-content\/uploads\/2017\/10\/20171010_instameet_dsc_0031_foto-niklas-bonnemark_1140x500-768x337.jpg 768w, https:\/\/skruv.nu\/wp-content\/uploads\/2017\/10\/20171010_instameet_dsc_0031_foto-niklas-bonnemark_1140x500.jpg 1140w\" sizes=\"(max-width: 1024px) 100vw, 1024px\" \/><\/div>\n\t\t<\/a>\n\t\t\t\t<div class=\"elementor-post__text\">\n\t\t\t\t<h3 class=\"elementor-post__title\">\n\t\t\t<a href=\"https:\/\/skruv.nu\/be\/aktiviteter\/film-foto\/instameet-nr-5\/\" >\n\t\t\t\tInstameet nr 5 \u2013 G\u00f6teborg\t\t\t<\/a>\n\t\t<\/h3>\n\t\t\t\t<div class=\"elementor-post__meta-data\">\n\t\t\t\t\t<span class=\"elementor-post-date\">\n\t\t\t10 \u043a\u0430\u0441\u0442\u0440\u044b\u0447\u043d\u0456\u043a\u0430 2017\t\t<\/span>\n\t\t\t\t<\/div>\n\t\t\t\t<\/div>\n\t\t\t\t<\/article>\n\t\t\t\t<article class=\"elementor-post elementor-grid-item post-399418 post type-post status-publish format-standard has-post-thumbnail hentry category-aktiviteter category-barn-malmo category-teater tag-goteborg tag-tidigare\" role=\"listitem\">\n\t\t\t\t<a class=\"elementor-post__thumbnail__link\" href=\"https:\/\/skruv.nu\/be\/aktiviteter\/barn\/barn-malmo\/skruvs-barnverksamhet-festival-goteborg-27-maj-2017\/\" tabindex=\"-1\" >\n\t\t\t<div class=\"elementor-post__thumbnail\"><img loading=\"lazy\" decoding=\"async\" width=\"1024\" height=\"449\" src=\"https:\/\/skruv.nu\/wp-content\/uploads\/2017\/05\/20170527_133709_foto-liliya-nicolaidis_1140x500-1024x449.jpg\" class=\"attachment-large size-large wp-image-399409\" alt=\"barn\" srcset=\"https:\/\/skruv.nu\/wp-content\/uploads\/2017\/05\/20170527_133709_foto-liliya-nicolaidis_1140x500-1024x449.jpg 1024w, https:\/\/skruv.nu\/wp-content\/uploads\/2017\/05\/20170527_133709_foto-liliya-nicolaidis_1140x500-300x132.jpg 300w, https:\/\/skruv.nu\/wp-content\/uploads\/2017\/05\/20170527_133709_foto-liliya-nicolaidis_1140x500-150x66.jpg 150w, https:\/\/skruv.nu\/wp-content\/uploads\/2017\/05\/20170527_133709_foto-liliya-nicolaidis_1140x500-768x337.jpg 768w, https:\/\/skruv.nu\/wp-content\/uploads\/2017\/05\/20170527_133709_foto-liliya-nicolaidis_1140x500.jpg 1140w\" sizes=\"(max-width: 1024px) 100vw, 1024px\" \/><\/div>\n\t\t<\/a>\n\t\t\t\t<div class=\"elementor-post__text\">\n\t\t\t\t<h3 class=\"elementor-post__title\">\n\t\t\t<a href=\"https:\/\/skruv.nu\/be\/aktiviteter\/barn\/barn-malmo\/skruvs-barnverksamhet-festival-goteborg-27-maj-2017\/\" >\n\t\t\t\tSkruvs barnverksamhet deltar i festivalen Vi \u00e4r unga i G\u00f6teborg\t\t\t<\/a>\n\t\t<\/h3>\n\t\t\t\t<div class=\"elementor-post__meta-data\">\n\t\t\t\t\t<span class=\"elementor-post-date\">\n\t\t\t27 \u043c\u0430\u044f 2017\t\t<\/span>\n\t\t\t\t<\/div>\n\t\t\t\t<\/div>\n\t\t\t\t<\/article>\n\t\t\t\t<article class=\"elementor-post elementor-grid-item post-373283 post type-post status-publish format-standard has-post-thumbnail hentry category-aktiviteter category-barn-malmo category-teater tag-goteborg tag-tidigare\" role=\"listitem\">\n\t\t\t\t<a class=\"elementor-post__thumbnail__link\" href=\"https:\/\/skruv.nu\/be\/aktiviteter\/barn\/barn-malmo\/teatergruppen-pa-skruvs-barnverksamhet-deltar-i-riksfestival-i-goteborg\/\" tabindex=\"-1\" >\n\t\t\t<div class=\"elementor-post__thumbnail\"><img loading=\"lazy\" decoding=\"async\" width=\"1024\" height=\"449\" src=\"https:\/\/skruv.nu\/wp-content\/uploads\/2015\/05\/dsc_0130_foto-nuria-bonnemark_1140x500-1024x449.jpg\" class=\"attachment-large size-large wp-image-373288\" alt=\"barn p\u00e5 en skola\" srcset=\"https:\/\/skruv.nu\/wp-content\/uploads\/2015\/05\/dsc_0130_foto-nuria-bonnemark_1140x500-1024x449.jpg 1024w, https:\/\/skruv.nu\/wp-content\/uploads\/2015\/05\/dsc_0130_foto-nuria-bonnemark_1140x500-300x132.jpg 300w, https:\/\/skruv.nu\/wp-content\/uploads\/2015\/05\/dsc_0130_foto-nuria-bonnemark_1140x500-150x66.jpg 150w, https:\/\/skruv.nu\/wp-content\/uploads\/2015\/05\/dsc_0130_foto-nuria-bonnemark_1140x500-768x337.jpg 768w, https:\/\/skruv.nu\/wp-content\/uploads\/2015\/05\/dsc_0130_foto-nuria-bonnemark_1140x500.jpg 1140w\" sizes=\"(max-width: 1024px) 100vw, 1024px\" \/><\/div>\n\t\t<\/a>\n\t\t\t\t<div class=\"elementor-post__text\">\n\t\t\t\t<h3 class=\"elementor-post__title\">\n\t\t\t<a href=\"https:\/\/skruv.nu\/be\/aktiviteter\/barn\/barn-malmo\/teatergruppen-pa-skruvs-barnverksamhet-deltar-i-riksfestival-i-goteborg\/\" >\n\t\t\t\tTeatergruppen p\u00e5 Skruvs barnverksamhet deltar i riksfestival i G\u00f6teborg\t\t\t<\/a>\n\t\t<\/h3>\n\t\t\t\t<div class=\"elementor-post__meta-data\">\n\t\t\t\t\t<span class=\"elementor-post-date\">\n\t\t\t30 \u043c\u0430\u044f 2015\t\t<\/span>\n\t\t\t\t<\/div>\n\t\t\t\t<\/div>\n\t\t\t\t<\/article>\n\t\t\t\t<\/div>\n\t\t\n\t\t\t\t\t\t<\/div>\n\t\t\t\t<\/div>\n\t\t\t\t\t<\/div>\n\t\t<\/div>\n\t\t\t\t\t<\/div>\n\t\t<\/section>\n\t\t\t\t<\/div>\n\t\t","protected":false},"excerpt":{"rendered":"<p>H\u00e4r \u00e4r v\u00e5ra aktiviteter i G\u00f6teborg. Tidigare i G\u00f6teborg<\/p>\n","protected":false},"author":1,"featured_media":451520,"parent":451517,"menu_order":0,"comment_status":"closed","ping_status":"closed","template":"","meta":{"_acf_changed":false,"_seopress_robots_primary_cat":"","_seopress_titles_title":"","_seopress_titles_desc":"","_seopress_robots_index":"","_kad_post_transparent":"","_kad_post_title":"","_kad_post_layout":"","_kad_post_sidebar_id":"","_kad_post_content_style":"","_kad_post_vertical_padding":"","_kad_post_feature":"","_kad_post_feature_position":"","_kad_post_header":false,"_kad_post_footer":false,"_kad_post_classname":"","footnotes":""},"class_list":["post-451515","page","type-page","status-publish","has-post-thumbnail","hentry"],"acf":[],"_links":{"self":[{"href":"https:\/\/skruv.nu\/be\/wp-json\/wp\/v2\/pages\/451515","targetHints":{"allow":["GET"]}}],"collection":[{"href":"https:\/\/skruv.nu\/be\/wp-json\/wp\/v2\/pages"}],"about":[{"href":"https:\/\/skruv.nu\/be\/wp-json\/wp\/v2\/types\/page"}],"author":[{"embeddable":true,"href":"https:\/\/skruv.nu\/be\/wp-json\/wp\/v2\/users\/1"}],"replies":[{"embeddable":true,"href":"https:\/\/skruv.nu\/be\/wp-json\/wp\/v2\/comments?post=451515"}],"version-history":[{"count":2,"href":"https:\/\/skruv.nu\/be\/wp-json\/wp\/v2\/pages\/451515\/revisions"}],"predecessor-version":[{"id":453697,"href":"https:\/\/skruv.nu\/be\/wp-json\/wp\/v2\/pages\/451515\/revisions\/453697"}],"up":[{"embeddable":true,"href":"https:\/\/skruv.nu\/be\/wp-json\/wp\/v2\/pages\/451517"}],"wp:featuredmedia":[{"embeddable":true,"href":"https:\/\/skruv.nu\/be\/wp-json\/wp\/v2\/media\/451520"}],"wp:attachment":[{"href":"https:\/\/skruv.nu\/be\/wp-json\/wp\/v2\/media?parent=451515"}],"curies":[{"name":"wp","href":"https:\/\/api.w.org\/{rel}","templated":true}]}}