{"id":452785,"date":"2024-10-01T12:42:23","date_gmt":"2024-10-01T10:42:23","guid":{"rendered":"https:\/\/skruv.nu\/memlist-medlemssystem\/"},"modified":"2025-09-11T16:32:30","modified_gmt":"2025-09-11T14:32:30","slug":"memlist-medlemssystem","status":"publish","type":"page","link":"https:\/\/skruv.nu\/be\/memlist-medlemssystem\/","title":{"rendered":"\u0423\u0431\u0443\u0434\u043e\u0432\u0430 Memlist"},"content":{"rendered":"<img src='https:\/\/skruv.nu\/wp-content\/plugins\/memlist-event-widget\/images\/memlist-logo-svart.png' width='200' alt='medlemssystem memlist logo'><br><br><br>\n\n\t<p>Vi anv\u00e4nder memlist<a href='https:\/\/www.memlist.se\/' rel='nofollow'>medlemssystem<\/a> f\u00f6r att underl\u00e4tta v\u00e5r f\u00f6reningsadministration och <a href='https:\/\/memlist.se\/medlemshantering-forening\/' rel='nofollow'>medlemshantering<\/a>. Informationen som sparas om v\u00e5ra medlemmar och anv\u00e4ndare i medlemssystemet \u00e4r endast tillg\u00e4nglig f\u00f6r v\u00e5r f\u00f6rening och utvalda administrat\u00f6rer.<\/p>\n\t<p>Medlemmar har sj\u00e4lv m\u00f6jlighet att granska och godk\u00e4nna denna dokumentation under registreringen av medlemskap, samt beg\u00e4ra ut sin persondata. <\/p>\n\n\t<p><h2>S\u00e4kerhet och persondata i medlemssystemet<\/h2><\/p>\n\tAll persondata i v\u00e5rt <a href='https:\/\/www.memlist.se\/' rel='nofollow'>medlemsregister<\/a> lagras inom sveriges gr\u00e4nser, och vi anv\u00e4nder \u00e4ven AES 256-bit kryptering av l\u00f6senord och k\u00e4nslig anv\u00e4ndardata. Vi vill d\u00e4r med vara tydliga att med att levererar en tj\u00e4nst d\u00e4r vi satt s\u00e4kerhetst\u00e4nket i f\u00f6rsta rummet. D\u00e4r medlemmen kan vara s\u00e4ker p\u00e5 att deras data \u00e4r i r\u00e4tta h\u00e4nder hela tiden.<\/p>\n\t<p>Medlemmar har \u00e4ven enkel tillg\u00e5ng till ett eget utdrag av sparad persondata p\u00e5 tv\u00e5 s\u00e4tt:<\/p>\n\t<p><ul>\n\t<li>Genom inloggning p\u00e5 sitt eget medlemskonto och kan d\u00e4r ladda ner sin persondata och \u00e4ven editera sin persondata.<\/li>\n\t<li>Direkt f\u00f6rfr\u00e5gan till den ansvarig f\u00f6reningen eller administrat\u00f6r, f\u00f6r att erh\u00e5lla ett fysiskt brev eller digitalt utskick av persondata.<\/li>\n\t<\/ul><\/p>\n\n\t<p><h2>F\u00f6rb\u00e4ttrade tj\u00e4nster genom medlemssystemet<\/h2><\/p>\n\t<p>Medlemssystem g\u00f6r s\u00e5 att vi f\u00e5r m\u00f6jlighet att ge dig som medlem och anv\u00e4ndare f\u00f6rb\u00e4ttrad service, \u00f6verblick och interaktion med oss. Exempelvis genom m\u00f6jlighet att sj\u00e4lv som medlem kunna logga in och uppdatera och f\u00e5 \u00f6verblick av sina egna sparade persondata. Anm\u00e4lningar till evenemang och tydlig \u00f6verblick \u00f6ver betaldamedlemsavgifter och f\u00f6rnyelser \u00e4r ytterligare funktioner som finns tillg\u00e4ngliga<\/p>\n\n\t<p>Detta \u00e4r n\u00e5gra av de viktiga tj\u00e4nster som finns v\u00e5ra medlemmar till hands f\u00f6r att f\u00e5 snabb och enkel tillg\u00e5ng till f\u00f6reningens till alla v\u00e5ra tj\u00e4nster, och att vi ska kunna h\u00e5lla kontakt under medlemskapet.<\/p>\n\n\n\t<p><h2>S\u00e4kert deltagande<\/h2><\/p>\n\t<p>Genom v\u00e5rt medlemssystem har vi \u00e4ven ett inbyggt biljett och evenemangssystem. Systemet f\u00f6renklar m\u00f6jligheten att anm\u00e4la, betela och delta p\u00e5 evenemang i f\u00f6reningen, bland annat genom att erh\u00e5lla digitala e-biljetter med QR-kod.<\/p>\n\n\t<p>Genem evenemangssystemet skapar vi \u00e4ven \u00f6kad s\u00e4kerhet b\u00e5de f\u00f6r oss och f\u00f6r dig som medlem. Exempelvis genom att vi kan skanna av QR-koden p\u00e5 e-biljetterna, checka in deltagare och p\u00e5 s\u00e5 s\u00e4tt verifiera att endast anm\u00e4lda personer har f\u00e5tt tilltr\u00e4de till det aktiva evenemanget.<\/p>\n\n\t\n","protected":false},"excerpt":{"rendered":"","protected":false},"author":1,"featured_media":0,"parent":0,"menu_order":0,"comment_status":"closed","ping_status":"closed","template":"","meta":{"_acf_changed":false,"_seopress_robots_primary_cat":"","_seopress_titles_title":"","_seopress_titles_desc":"","_seopress_robots_index":"","_kad_post_transparent":"","_kad_post_title":"","_kad_post_layout":"","_kad_post_sidebar_id":"","_kad_post_content_style":"","_kad_post_vertical_padding":"","_kad_post_feature":"","_kad_post_feature_position":"","_kad_post_header":false,"_kad_post_footer":false,"_kad_post_classname":"","footnotes":""},"class_list":["post-452785","page","type-page","status-publish","hentry"],"acf":[],"_links":{"self":[{"href":"https:\/\/skruv.nu\/be\/wp-json\/wp\/v2\/pages\/452785","targetHints":{"allow":["GET"]}}],"collection":[{"href":"https:\/\/skruv.nu\/be\/wp-json\/wp\/v2\/pages"}],"about":[{"href":"https:\/\/skruv.nu\/be\/wp-json\/wp\/v2\/types\/page"}],"author":[{"embeddable":true,"href":"https:\/\/skruv.nu\/be\/wp-json\/wp\/v2\/users\/1"}],"replies":[{"embeddable":true,"href":"https:\/\/skruv.nu\/be\/wp-json\/wp\/v2\/comments?post=452785"}],"version-history":[{"count":1,"href":"https:\/\/skruv.nu\/be\/wp-json\/wp\/v2\/pages\/452785\/revisions"}],"predecessor-version":[{"id":452787,"href":"https:\/\/skruv.nu\/be\/wp-json\/wp\/v2\/pages\/452785\/revisions\/452787"}],"wp:attachment":[{"href":"https:\/\/skruv.nu\/be\/wp-json\/wp\/v2\/media?parent=452785"}],"curies":[{"name":"wp","href":"https:\/\/api.w.org\/{rel}","templated":true}]}}