{"id":2479,"date":"2014-05-05T16:00:40","date_gmt":"2014-05-05T15:00:40","guid":{"rendered":"http:\/\/skruv.org\/?page_id=2479"},"modified":"2022-09-25T17:36:47","modified_gmt":"2022-09-25T15:36:47","slug":"regler-for-skruvs-internetforum","status":"publish","type":"page","link":"https:\/\/skruv.nu\/ru\/kontakta-oss\/regler-for-skruvs-internetforum\/","title":{"rendered":"Regler f\u00f6r Skruvs internetforum"},"content":{"rendered":"<p>Skruvs Facebooksida finns <a href=\"https:\/\/www.facebook.com\/skruv\" target=\"_blank\" rel=\"noopener noreferrer\">h\u00e4r<\/a>. Tidigare fanns \u00e4ven diskussionsforumet Skruvlistan, i huvudsak e-postbaserat.<\/p>\n<h3>Termer och begrepp<\/h3>\n<ul>\n<li><em>Inl\u00e4gg<\/em> (eng. <em>post<\/em>), ett meddelande som skrivs i\u00a0ett diskussionsforum.<\/li>\n<li><em>\u00c4renderad<\/em>, rubriken i t.ex. ett e-postmeddelande. \u00c4renderaden\u00a0anges i ett s\u00e4rskilt f\u00e4lt n\u00e4r man skriver meddelandet.<\/li>\n<\/ul>\n<h3>Inneh\u00e5ll<\/h3>\n<ul>\n<li>Skruvlistan \u00e4r till f\u00f6r diskussioner, information och nyheter som har att g\u00f6ra med S\u00e4llskapet f\u00f6r kontakter med Ryssland, Ukraina och Vitryssland (Skruv). \u00c4ven allm\u00e4nna diskussioner och information om Ryssland, Ukraina och Vitryssland samt evenemangstips.<\/li>\n<li>P\u00e5 Skruvlistan ryms alla \u00e5sikter. Skruvlistan ger inte uttryck f\u00f6r n\u00e5gon officiell st\u00e5ndpunkt fr\u00e5n Skruvs sida, utan \u00e4r enbart en m\u00f6tesplats, \u00f6ppen f\u00f6r medlemmar och icke-medlemmar, oavsett bakgrund (etnisk, utbildnings-, yrkes- eller annan).<\/li>\n<li>Skruvs Facebooksida \u00e4r till f\u00f6r samma typer av diskussioner, information och nyheter som Skruvlistan. S\u00e4rskilt v\u00e4lkomna \u00e4r ryska\/ukrainska\/vitryska nyheter med koppling till Sverige och svenska nyheter med koppling till Ryssland\/Ukraina\/Vitryssland.<\/li>\n<\/ul>\n<h3>Allm\u00e4nt n\u00e4tvett<\/h3>\n<p>(uppf\u00f6randeregler\u00a0f\u00f6r Skruvlistan, Facebook och de flesta andra diskussionsforum p\u00e5 internet)<\/p>\n<ul>\n<li>H\u00e5ll en god ton och respektera andra deltagare.<\/li>\n<li>H\u00e5ll dig till fakta, s\u00e5vida du inte framf\u00f6r din \u00e5sikt, men klarg\u00f6r att det \u00e4r din \u00e5sikt.<\/li>\n<li>Anv\u00e4nd ett v\u00e5rdat spr\u00e5k.<\/li>\n<li>Posta inte bara en l\u00e4nk f\u00f6r att besvara en fr\u00e5ga eller beskriva n\u00e5got, utan beskriv \u00e4ven g\u00e4rna sammanfattat vad som st\u00e5r d\u00e4r. D\u00e5 kan man v\u00e4lja om man vill l\u00e4sa p\u00e5 sidan eller inte och slipper titta bara f\u00f6r att se vad det handlar om.<\/li>\n<\/ul>\n<h3>S\u00e4rskilda regler f\u00f6r Skruvlistan<\/h3>\n<ul>\n<li>Skriv direkt till avs\u00e4ndarens e-postadress om det du vill s\u00e4ga inte \u00e4r av intresse f\u00f6r andra p\u00e5 Skruvlistan.<\/li>\n<li>Kontrollera s\u00e5 att \u00e4renderaden \u00e4r relevant f\u00f6r ditt inl\u00e4gg.<\/li>\n<li>Skriv under dina inl\u00e4gg med ditt riktiga namn. \u00c4ven i namnf\u00e4ltet vid e-postadressen b\u00f6r du anv\u00e4nda ditt riktiga namn.<\/li>\n<li>Om du svarar p\u00e5 ett tidigare inl\u00e4gg, se till att det framg\u00e5r vad\/vem du svarar p\u00e5.<\/li>\n<li>Om du citerar ett tidigare inl\u00e4gg, v\u00e4lj bara ut den text som \u00e4r relevant i sammanhanget och ta bort resten.<\/li>\n<li>Spr\u00e5ket p\u00e5 Skruvlistan \u00e4r svenska. Vid enstaka tillf\u00e4llen till\u00e5ts \u00e4ven andra spr\u00e5k, s\u00e5som danska och norska. Inl\u00e4gg enbart p\u00e5 ryska \u00e4r inte till\u00e5tna, d\u00e5 deltagarna inte f\u00f6ruts\u00e4tts kunna detta spr\u00e5k. Inl\u00e4gg p\u00e5 ryska kan publiceras om de kompletteras av \u00e5tminstone en sammanfattning p\u00e5 svenska.<\/li>\n<\/ul>\n<h3>Spr\u00e5k\u00a0p\u00e5 Skruvs Facebooksida<\/h3>\n<p>P\u00e5 Skruvs Facebooksida till\u00e5ts alla spr\u00e5k. F\u00f6retr\u00e4desvis anv\u00e4nds svenska och ryska, men n\u00e5gon g\u00e5ng f\u00f6rekommer \u00e4ven ukrainska, vitryska, engelska m.fl. spr\u00e5k.<\/p>\n","protected":false},"excerpt":{"rendered":"<p>Skruvs Facebooksida finns h\u00e4r. Tidigare fanns \u00e4ven diskussionsforumet Skruvlistan, i huvudsak e-postbaserat. Termer och begrepp Inl\u00e4gg (eng. post), ett meddelande som skrivs i\u00a0ett diskussionsforum. \u00c4renderad, rubriken i t.ex. ett e-postmeddelande. \u00c4renderaden\u00a0anges i ett s\u00e4rskilt f\u00e4lt n\u00e4r man skriver meddelandet. Inneh\u00e5ll Skruvlistan \u00e4r till f\u00f6r diskussioner, information och nyheter som har att g\u00f6ra med S\u00e4llskapet f\u00f6r&#8230;<\/p>\n","protected":false},"author":1,"featured_media":0,"parent":362476,"menu_order":0,"comment_status":"closed","ping_status":"closed","template":"","meta":{"_acf_changed":false,"_seopress_robots_primary_cat":"","_seopress_titles_title":"","_seopress_titles_desc":"","_seopress_robots_index":"","_kad_post_transparent":"","_kad_post_title":"","_kad_post_layout":"","_kad_post_sidebar_id":"","_kad_post_content_style":"","_kad_post_vertical_padding":"","_kad_post_feature":"","_kad_post_feature_position":"","_kad_post_header":false,"_kad_post_footer":false,"_kad_post_classname":"","footnotes":""},"class_list":["post-2479","page","type-page","status-publish","hentry"],"acf":[],"_links":{"self":[{"href":"https:\/\/skruv.nu\/ru\/wp-json\/wp\/v2\/pages\/2479","targetHints":{"allow":["GET"]}}],"collection":[{"href":"https:\/\/skruv.nu\/ru\/wp-json\/wp\/v2\/pages"}],"about":[{"href":"https:\/\/skruv.nu\/ru\/wp-json\/wp\/v2\/types\/page"}],"author":[{"embeddable":true,"href":"https:\/\/skruv.nu\/ru\/wp-json\/wp\/v2\/users\/1"}],"replies":[{"embeddable":true,"href":"https:\/\/skruv.nu\/ru\/wp-json\/wp\/v2\/comments?post=2479"}],"version-history":[{"count":0,"href":"https:\/\/skruv.nu\/ru\/wp-json\/wp\/v2\/pages\/2479\/revisions"}],"up":[{"embeddable":true,"href":"https:\/\/skruv.nu\/ru\/wp-json\/wp\/v2\/pages\/362476"}],"wp:attachment":[{"href":"https:\/\/skruv.nu\/ru\/wp-json\/wp\/v2\/media?parent=2479"}],"curies":[{"name":"wp","href":"https:\/\/api.w.org\/{rel}","templated":true}]}}