{"id":92,"date":"2013-11-23T17:39:05","date_gmt":"2013-11-23T16:39:05","guid":{"rendered":"http:\/\/skruv.org\/?page_id=92"},"modified":"2021-01-04T16:18:41","modified_gmt":"2021-01-04T15:18:41","slug":"barn-2","status":"publish","type":"page","link":"https:\/\/skruv.nu\/uk\/barn-2\/","title":{"rendered":"Skruvs ryska barnverksamhet gammal"},"content":{"rendered":"<p>[et_pb_section fb_built=&#8221;1&#8243; fullwidth=&#8221;on&#8221; _builder_version=&#8221;3.22&#8243; bb_built=&#8221;1&#8243; _i=&#8221;0&#8243; _address=&#8221;0&#8243;][et_pb_fullwidth_image src=&#8221;http:\/\/media.skruv.org\/2013\/11\/kolo-gulb-2016-1200.jpg&#8221; _builder_version=&#8221;3.0.106&#8243; _i=&#8221;0&#8243; _address=&#8221;0.0&#8243;][\/et_pb_fullwidth_image][\/et_pb_section][et_pb_section fb_built=&#8221;1&#8243; _builder_version=&#8221;3.22&#8243; bb_built=&#8221;1&#8243; _i=&#8221;1&#8243; _address=&#8221;1&#8243;][et_pb_row _builder_version=&#8221;3.25&#8243; background_size=&#8221;initial&#8221; background_position=&#8221;top_left&#8221; background_repeat=&#8221;repeat&#8221; _i=&#8221;0&#8243; _address=&#8221;1.0&#8243; column_structure=&#8221;2_3,1_3&#8243;][et_pb_column type=&#8221;2_3&#8243; _builder_version=&#8221;3.25&#8243; custom_padding=&#8221;|||&#8221; _i=&#8221;0&#8243; _address=&#8221;1.0.0&#8243; custom_padding__hover=&#8221;|||&#8221;][et_pb_text _builder_version=&#8221;3.0.106&#8243; _i=&#8221;0&#8243; _address=&#8221;1.0.0.0&#8243;]Skruvs ryska barnverksamhet (&#8220;Kolok\u00f3ltjik&#8221;) \u00e4r ett center f\u00f6r komplement\u00e4r utbildning f\u00f6r rysktalande barn i Malm\u00f6. Centret ing\u00e5r i den ideella f\u00f6reningen Skruv och \u00e4r \u00f6ppet f\u00f6r barn i \u00e5ldern 1 till 18 \u00e5r som har ryska som umg\u00e4ngesspr\u00e5k eller som vill l\u00e4ra sig ryska som fr\u00e4mmande spr\u00e5k.<\/p>\n<p>M\u00e5let f\u00f6r centret \u00e4r att skapa f\u00f6ruts\u00e4ttningar f\u00f6r en harmonisk, allsidig utveckling av barnens f\u00e4rdigheter, inte bara n\u00e4r det g\u00e4ller spr\u00e5ket. Vi undervisar barnen i ryska spr\u00e5ket samt ryska traditioner och kultur, skapar f\u00f6ruts\u00e4ttningar f\u00f6r att anv\u00e4nda och utveckla ryskan och v\u00e4gleder rysktalande barns f\u00f6r\u00e4ldrar.<\/p>\n<p>Informationen om barnverksamheten \u00e4r mer utf\u00f6rlig p\u00e5 ryska (anv\u00e4nd spr\u00e5kv\u00e4xlaren l\u00e4ngst upp eller l\u00e4ngst ner p\u00e5 den h\u00e4r sidan). F\u00f6r mer information kontakta samordnaren f\u00f6r verksamheten Nuria B\u00f6nnemark p\u00e5 telefon 076-224 82 64.<\/p>\n<p>[instagram-feed id=&#8221;skruv.deti&#8221;]<br \/>\n[\/et_pb_text][\/et_pb_column][et_pb_column type=&#8221;1_3&#8243; _builder_version=&#8221;3.25&#8243; custom_padding=&#8221;|||&#8221; _i=&#8221;1&#8243; _address=&#8221;1.0.1&#8243; custom_padding__hover=&#8221;|||&#8221;][et_pb_sidebar orientation=&#8221;right&#8221; area=&#8221;sidebar-1&#8243; _builder_version=&#8221;3.0.106&#8243; use_background_color_gradient=&#8221;on&#8221; background_color_gradient_start=&#8221;#f5f900&#8243; background_color_gradient_end=&#8221;#ffffff&#8221; custom_padding=&#8221;10px|10px|10px|10px&#8221; saved_tabs=&#8221;all&#8221; _i=&#8221;0&#8243; _address=&#8221;1.0.1.0&#8243;][\/et_pb_sidebar][\/et_pb_column][\/et_pb_row][et_pb_row _builder_version=&#8221;3.25&#8243; background_size=&#8221;initial&#8221; background_position=&#8221;top_left&#8221; background_repeat=&#8221;repeat&#8221; _i=&#8221;1&#8243; _address=&#8221;1.1&#8243;][et_pb_column type=&#8221;4_4&#8243; _builder_version=&#8221;3.25&#8243; custom_padding=&#8221;|||&#8221; _i=&#8221;0&#8243; _address=&#8221;1.1.0&#8243; custom_padding__hover=&#8221;|||&#8221;][et_pb_text _builder_version=&#8221;3.0.106&#8243; _i=&#8221;0&#8243; _address=&#8221;1.1.0.0&#8243;]Aktuellt schema\u00a0finns\u00a0h\u00e4r (p\u00e5 ryska):<\/p>\n<p>[google-drive-embed url=&#8221;https:\/\/docs.google.com\/spreadsheets\/d\/1qESX_gMsJuaq547-_0LjMhG7ap_WCZHiWBcqG_av9S0\/htmlembed&#8221; title=&#8221;\u0420\u0430\u0441\u043f\u0438\u0441\u0430\u043d\u0438\u0435 &#8216;\u041a\u043e\u043b\u043e\u043a\u043e\u043b\u044c\u0447\u0438\u043a'&#8221; icon=&#8221;https:\/\/ssl.gstatic.com\/docs\/doclist\/images\/icon_11_spreadsheet_list.png&#8221; width=&#8221;100%&#8221; height=&#8221;600&#8243; style=&#8221;embed&#8221;]<\/p>\n<p>Klicka h\u00e4r f\u00f6r att \u00f6ppna schemat i en separat flik:\u00a0[google-drive-embed url=&#8221;https:\/\/docs.google.com\/spreadsheets\/d\/1qESX_gMsJuaq547-_0LjMhG7ap_WCZHiWBcqG_av9S0\/edit?usp=drivesdk&#8221; title=&#8221;\u0420\u0430\u0441\u043f\u0438\u0441\u0430\u043d\u0438\u0435 &#8216;\u041a\u043e\u043b\u043e\u043a\u043e\u043b\u044c\u0447\u0438\u043a'&#8221; icon=&#8221;https:\/\/ssl.gstatic.com\/docs\/doclist\/images\/icon_11_spreadsheet_list.png&#8221; newwindow=&#8221;yes&#8221; style=&#8221;normal&#8221;]<br \/>\n[\/et_pb_text][et_pb_blog posts_number=&#8221;3&#8243; include_categories=&#8221;4,93&#8243; show_comments=&#8221;on&#8221; _builder_version=&#8221;3.0.106&#8243; pagination_font_size_tablet=&#8221;51&#8243; pagination_line_height_tablet=&#8221;2&#8243; _i=&#8221;1&#8243; _address=&#8221;1.1.0.1&#8243;][\/et_pb_blog][\/et_pb_column][\/et_pb_row][\/et_pb_section]<\/p>\n","protected":false},"excerpt":{"rendered":"<p>[et_pb_section fb_built=&#8221;1&#8243; fullwidth=&#8221;on&#8221; _builder_version=&#8221;3.22&#8243; bb_built=&#8221;1&#8243; _i=&#8221;0&#8243; _address=&#8221;0&#8243;][et_pb_fullwidth_image src=&#8221;http:\/\/media.skruv.org\/2013\/11\/kolo-gulb-2016-1200.jpg&#8221; _builder_version=&#8221;3.0.106&#8243; _i=&#8221;0&#8243; _address=&#8221;0.0&#8243;][\/et_pb_fullwidth_image][\/et_pb_section][et_pb_section fb_built=&#8221;1&#8243; _builder_version=&#8221;3.22&#8243; bb_built=&#8221;1&#8243; _i=&#8221;1&#8243; _address=&#8221;1&#8243;][et_pb_row _builder_version=&#8221;3.25&#8243; background_size=&#8221;initial&#8221; background_position=&#8221;top_left&#8221; background_repeat=&#8221;repeat&#8221; _i=&#8221;0&#8243; _address=&#8221;1.0&#8243; column_structure=&#8221;2_3,1_3&#8243;][et_pb_column type=&#8221;2_3&#8243; _builder_version=&#8221;3.25&#8243; custom_padding=&#8221;|||&#8221; _i=&#8221;0&#8243; _address=&#8221;1.0.0&#8243; custom_padding__hover=&#8221;|||&#8221;][et_pb_text _builder_version=&#8221;3.0.106&#8243; _i=&#8221;0&#8243; _address=&#8221;1.0.0.0&#8243;]Skruvs ryska barnverksamhet (&#8220;Kolok\u00f3ltjik&#8221;) \u00e4r ett center f\u00f6r komplement\u00e4r utbildning f\u00f6r rysktalande barn i Malm\u00f6. Centret ing\u00e5r i den ideella f\u00f6reningen Skruv och \u00e4r&#8230;<\/p>\n","protected":false},"author":1,"featured_media":0,"parent":0,"menu_order":0,"comment_status":"closed","ping_status":"closed","template":"","meta":{"_acf_changed":false,"_seopress_robots_primary_cat":"","_seopress_titles_title":"","_seopress_titles_desc":"","_seopress_robots_index":"","_kad_post_transparent":"","_kad_post_title":"","_kad_post_layout":"","_kad_post_sidebar_id":"","_kad_post_content_style":"","_kad_post_vertical_padding":"","_kad_post_feature":"","_kad_post_feature_position":"","_kad_post_header":false,"_kad_post_footer":false,"_kad_post_classname":"","footnotes":""},"class_list":["post-92","page","type-page","status-publish","hentry"],"acf":[],"_links":{"self":[{"href":"https:\/\/skruv.nu\/uk\/wp-json\/wp\/v2\/pages\/92","targetHints":{"allow":["GET"]}}],"collection":[{"href":"https:\/\/skruv.nu\/uk\/wp-json\/wp\/v2\/pages"}],"about":[{"href":"https:\/\/skruv.nu\/uk\/wp-json\/wp\/v2\/types\/page"}],"author":[{"embeddable":true,"href":"https:\/\/skruv.nu\/uk\/wp-json\/wp\/v2\/users\/1"}],"replies":[{"embeddable":true,"href":"https:\/\/skruv.nu\/uk\/wp-json\/wp\/v2\/comments?post=92"}],"version-history":[{"count":0,"href":"https:\/\/skruv.nu\/uk\/wp-json\/wp\/v2\/pages\/92\/revisions"}],"wp:attachment":[{"href":"https:\/\/skruv.nu\/uk\/wp-json\/wp\/v2\/media?parent=92"}],"curies":[{"name":"wp","href":"https:\/\/api.w.org\/{rel}","templated":true}]}}